{"id":138,"date":"2022-03-18T23:12:56","date_gmt":"2022-03-18T22:12:56","guid":{"rendered":"http:\/\/sens-en-vie.ch\/?page_id=138"},"modified":"2025-07-02T14:00:37","modified_gmt":"2025-07-02T12:00:37","slug":"mes-partenaires","status":"publish","type":"page","link":"https:\/\/sens-en-vie.ch\/?page_id=138","title":{"rendered":"Mes partenaires"},"content":{"rendered":"\n<div class=\"wp-block-columns are-vertically-aligned-center is-layout-flex wp-container-core-columns-is-layout-9d6595d7 wp-block-columns-is-layout-flex\">\n<div class=\"wp-block-column is-vertically-aligned-center is-layout-flow wp-block-column-is-layout-flow\" style=\"flex-basis:100%\">\n<div class=\"wp-block-columns alignwide is-layout-flex wp-container-core-columns-is-layout-9d6595d7 wp-block-columns-is-layout-flex\">\n<div class=\"wp-block-column is-vertically-aligned-center is-layout-flow wp-block-column-is-layout-flow\" style=\"flex-basis:33.33%\">\n<div class=\"wp-block-image is-style-rounded\"><figure class=\"alignright size-large is-resized\"><img loading=\"lazy\" decoding=\"async\" src=\"https:\/\/sens-en-vie.ch\/wp-content\/uploads\/2022\/03\/Penko-copie-794x1024.jpg\" alt=\"\" class=\"wp-image-153\" width=\"153\" height=\"196\" srcset=\"https:\/\/sens-en-vie.ch\/wp-content\/uploads\/2022\/03\/Penko-copie-794x1024.jpg 794w, https:\/\/sens-en-vie.ch\/wp-content\/uploads\/2022\/03\/Penko-copie-768x991.jpg 768w, https:\/\/sens-en-vie.ch\/wp-content\/uploads\/2022\/03\/Penko-copie-1190x1536.jpg 1190w, https:\/\/sens-en-vie.ch\/wp-content\/uploads\/2022\/03\/Penko-copie-1200x1548.jpg 1200w, https:\/\/sens-en-vie.ch\/wp-content\/uploads\/2022\/03\/Penko-copie.jpg 1295w\" sizes=\"auto, (max-width: 153px) 85vw, 153px\" \/><\/figure><\/div>\n<\/div>\n\n\n\n<div class=\"wp-block-column is-layout-flow wp-block-column-is-layout-flow\" style=\"flex-basis:66.66%\">\n<h4 class=\"wp-block-heading\">Penko<\/h4>\n\n\n\n<p><span class=\"has-inline-color has-dark-gray-color\">Penko est doux et patient. Il s&#8217;adapte \u00e0 la personne qu&#8217;il a en face de lui et sait donner confiance aux grands comme aux petits.<\/span> <span class=\"has-inline-color has-dark-gray-color\">Il vous attend dans son \u00e9curie situ\u00e9e \u00e0 la ferme de la Perri\u00e8re au d\u00e9but du valon de Serroue.<\/span><\/p>\n<\/div>\n<\/div>\n<\/div>\n<\/div>\n\n\n\n<div class=\"wp-block-columns is-layout-flex wp-container-core-columns-is-layout-9d6595d7 wp-block-columns-is-layout-flex\">\n<div class=\"wp-block-column is-layout-flow wp-block-column-is-layout-flow\" style=\"flex-basis:33.33%\">\n<div class=\"wp-block-image is-style-rounded\"><figure class=\"alignright size-large is-resized\"><img loading=\"lazy\" decoding=\"async\" src=\"https:\/\/sens-en-vie.ch\/wp-content\/uploads\/2022\/03\/Socrate-copie-730x1024.jpg\" alt=\"\" class=\"wp-image-154\" width=\"146\" height=\"204\" srcset=\"https:\/\/sens-en-vie.ch\/wp-content\/uploads\/2022\/03\/Socrate-copie-730x1024.jpg 730w, https:\/\/sens-en-vie.ch\/wp-content\/uploads\/2022\/03\/Socrate-copie-214x300.jpg 214w, https:\/\/sens-en-vie.ch\/wp-content\/uploads\/2022\/03\/Socrate-copie-768x1077.jpg 768w, https:\/\/sens-en-vie.ch\/wp-content\/uploads\/2022\/03\/Socrate-copie.jpg 925w\" sizes=\"auto, (max-width: 146px) 85vw, 146px\" \/><\/figure><\/div>\n<\/div>\n\n\n\n<div class=\"wp-block-column is-layout-flow wp-block-column-is-layout-flow\" style=\"flex-basis:66.66%\">\n<h4 class=\"wp-block-heading\">Socrate<\/h4>\n\n\n\n<p><span class=\"has-inline-color has-dark-gray-color\">Socrate est dynamique et attentif. A l&#8217;aff\u00fbt d&#8217;activit\u00e9s int\u00e9ressantes, il est friand de jeux et de mouvement autant que de gartouilles et de c\u00e2lins.<\/span><\/p>\n<\/div>\n<\/div>\n\n\n\n<div class=\"wp-block-columns is-layout-flex wp-container-core-columns-is-layout-9d6595d7 wp-block-columns-is-layout-flex\">\n<div class=\"wp-block-column is-layout-flow wp-block-column-is-layout-flow\" style=\"flex-basis:33.33%\">\n<div class=\"wp-block-image is-style-rounded\"><figure class=\"alignright size-large is-resized\"><img loading=\"lazy\" decoding=\"async\" src=\"https:\/\/sens-en-vie.ch\/wp-content\/uploads\/2022\/05\/Foret-chemin-768x1024.jpg\" alt=\"\" class=\"wp-image-249\" width=\"176\" height=\"234\" srcset=\"https:\/\/sens-en-vie.ch\/wp-content\/uploads\/2022\/05\/Foret-chemin-768x1024.jpg 768w, https:\/\/sens-en-vie.ch\/wp-content\/uploads\/2022\/05\/Foret-chemin-225x300.jpg 225w, https:\/\/sens-en-vie.ch\/wp-content\/uploads\/2022\/05\/Foret-chemin-1152x1536.jpg 1152w, https:\/\/sens-en-vie.ch\/wp-content\/uploads\/2022\/05\/Foret-chemin-1536x2048.jpg 1536w, https:\/\/sens-en-vie.ch\/wp-content\/uploads\/2022\/05\/Foret-chemin-1200x1600.jpg 1200w, https:\/\/sens-en-vie.ch\/wp-content\/uploads\/2022\/05\/Foret-chemin-scaled.jpg 1920w\" sizes=\"auto, (max-width: 176px) 85vw, 176px\" \/><\/figure><\/div>\n<\/div>\n\n\n\n<div class=\"wp-block-column is-layout-flow wp-block-column-is-layout-flow\" style=\"flex-basis:66.66%\">\n<h4 class=\"wp-block-heading\">La for\u00eat environnante<\/h4>\n\n\n\n<p><span class=\"has-inline-color has-dark-gray-color\">Toujours pr\u00e9sente, disponible et vivante, elle nous accueille quelles que soient notre humeur et la saison avec son atmosph\u00e8re propice \u00e0 l&#8217;exploration de tous nos sens.<\/span><\/p>\n<\/div>\n<\/div>\n\n\n\n<div class=\"wp-block-columns is-layout-flex wp-container-core-columns-is-layout-9d6595d7 wp-block-columns-is-layout-flex\">\n<div class=\"wp-block-column is-layout-flow wp-block-column-is-layout-flow\" style=\"flex-basis:33.33%\">\n<div class=\"wp-block-image is-style-rounded\"><figure class=\"alignright size-large is-resized\"><img loading=\"lazy\" decoding=\"async\" src=\"https:\/\/sens-en-vie.ch\/wp-content\/uploads\/2022\/03\/Arbre-jardin-retouche-768x1024.png\" alt=\"\" class=\"wp-image-211\" width=\"177\" height=\"235\" srcset=\"https:\/\/sens-en-vie.ch\/wp-content\/uploads\/2022\/03\/Arbre-jardin-retouche-768x1024.png 768w, https:\/\/sens-en-vie.ch\/wp-content\/uploads\/2022\/03\/Arbre-jardin-retouche-225x300.png 225w, https:\/\/sens-en-vie.ch\/wp-content\/uploads\/2022\/03\/Arbre-jardin-retouche-1152x1536.png 1152w, https:\/\/sens-en-vie.ch\/wp-content\/uploads\/2022\/03\/Arbre-jardin-retouche-1536x2048.png 1536w, https:\/\/sens-en-vie.ch\/wp-content\/uploads\/2022\/03\/Arbre-jardin-retouche-1200x1600.png 1200w\" sizes=\"auto, (max-width: 177px) 85vw, 177px\" \/><\/figure><\/div>\n<\/div>\n\n\n\n<div class=\"wp-block-column is-layout-flow wp-block-column-is-layout-flow\" style=\"flex-basis:66.66%\">\n<h4 class=\"wp-block-heading\">Le jardin<\/h4>\n\n\n\n<p><span class=\"has-inline-color has-dark-gray-color\">L&#8217;endroit dans lequel je vous accueille est pourvu d&#8217;un magnifique jardin offrant un cadre privil\u00e9gi\u00e9 pour se ressourcer.<\/span><\/p>\n<\/div>\n<\/div>\n","protected":false},"excerpt":{"rendered":"<p>Penko Penko est doux et patient. Il s&#8217;adapte \u00e0 la personne qu&#8217;il a en face de lui et sait donner confiance aux grands comme aux petits. Il vous attend dans son \u00e9curie situ\u00e9e \u00e0 la ferme de la Perri\u00e8re au d\u00e9but du valon de Serroue. Socrate Socrate est dynamique et attentif. A l&#8217;aff\u00fbt d&#8217;activit\u00e9s int\u00e9ressantes, &hellip; <a href=\"https:\/\/sens-en-vie.ch\/?page_id=138\" class=\"more-link\">Continue reading<span class=\"screen-reader-text\"> &#8220;Mes partenaires&#8221;<\/span><\/a><\/p>\n","protected":false},"author":1,"featured_media":0,"parent":0,"menu_order":0,"comment_status":"closed","ping_status":"closed","template":"","meta":{"footnotes":""},"class_list":["post-138","page","type-page","status-publish","hentry"],"_links":{"self":[{"href":"https:\/\/sens-en-vie.ch\/index.php?rest_route=\/wp\/v2\/pages\/138","targetHints":{"allow":["GET"]}}],"collection":[{"href":"https:\/\/sens-en-vie.ch\/index.php?rest_route=\/wp\/v2\/pages"}],"about":[{"href":"https:\/\/sens-en-vie.ch\/index.php?rest_route=\/wp\/v2\/types\/page"}],"author":[{"embeddable":true,"href":"https:\/\/sens-en-vie.ch\/index.php?rest_route=\/wp\/v2\/users\/1"}],"replies":[{"embeddable":true,"href":"https:\/\/sens-en-vie.ch\/index.php?rest_route=%2Fwp%2Fv2%2Fcomments&post=138"}],"version-history":[{"count":20,"href":"https:\/\/sens-en-vie.ch\/index.php?rest_route=\/wp\/v2\/pages\/138\/revisions"}],"predecessor-version":[{"id":457,"href":"https:\/\/sens-en-vie.ch\/index.php?rest_route=\/wp\/v2\/pages\/138\/revisions\/457"}],"wp:attachment":[{"href":"https:\/\/sens-en-vie.ch\/index.php?rest_route=%2Fwp%2Fv2%2Fmedia&parent=138"}],"curies":[{"name":"wp","href":"https:\/\/api.w.org\/{rel}","templated":true}]}}