{"id":38,"date":"2022-03-18T23:40:39","date_gmt":"2022-03-18T22:40:39","guid":{"rendered":"http:\/\/sens-en-vie.ch\/?page_id=38"},"modified":"2025-07-02T13:51:54","modified_gmt":"2025-07-02T11:51:54","slug":"bienvenue-chez-sens-en-vie-2","status":"publish","type":"page","link":"https:\/\/sens-en-vie.ch\/","title":{"rendered":"Bienvenue chez Sens en Vie !"},"content":{"rendered":"\n<figure class=\"wp-block-image size-large\"><img loading=\"lazy\" decoding=\"async\" width=\"1024\" height=\"238\" src=\"https:\/\/sens-en-vie.ch\/wp-content\/uploads\/2022\/05\/cropped-Penko-face-scaled-3-1024x238.jpeg\" alt=\"\" class=\"wp-image-323\" srcset=\"https:\/\/sens-en-vie.ch\/wp-content\/uploads\/2022\/05\/cropped-Penko-face-scaled-3-1024x238.jpeg 1024w, https:\/\/sens-en-vie.ch\/wp-content\/uploads\/2022\/05\/cropped-Penko-face-scaled-3-300x70.jpeg 300w, https:\/\/sens-en-vie.ch\/wp-content\/uploads\/2022\/05\/cropped-Penko-face-scaled-3-768x179.jpeg 768w, https:\/\/sens-en-vie.ch\/wp-content\/uploads\/2022\/05\/cropped-Penko-face-scaled-3.jpeg 1200w\" sizes=\"auto, (max-width: 709px) 85vw, (max-width: 909px) 67vw, (max-width: 1362px) 62vw, 840px\" \/><\/figure>\n\n\n\n<p><span class=\"has-inline-color has-dark-gray-color\">Sens en vie a pour but de proposer du Soutien th\u00e9rapeutique avec la m\u00e9diation de la nature, des chevaux et d&#8217;un chien ainsi que divers outils afin d\u2019accompagner petits et grands lors de phases de transition, de p\u00e9riodes difficiles, passag\u00e8res ou persistantes. <\/span><\/p>\n\n\n\n<p><span class=\"has-inline-color has-dark-gray-color\">Cette structure a pour philosophie de s\u2019appuyer sur les ressources de la personne en lui faisant vivre des exp\u00e9riences corporelles afin de favoriser le contact \u00e0 elle-m\u00eame, la confiance et l\u2019apprentissage. <\/span><\/p>\n\n\n\n<p><span class=\"has-inline-color has-dark-gray-color\">Sens en Vie est anim\u00e9 par une \u00e9ducatrice dipl\u00f4m\u00e9e HES et praticienne formatrice, b\u00e9n\u00e9ficiant de plus de dix ans de pratique dans l&#8217;accompagnement et riche d&#8217;exp\u00e9riences professionnelles vari\u00e9es aupr\u00e8s de personnes en difficult\u00e9s de tous \u00e2ges et de tous ordres.<\/span><\/p>\n\n\n\n<h3 class=\"has-text-align-center wp-block-heading\">Pour sortir de l\u2019enfermement des pens\u00e9es, des angoisses et du stress.<\/h3>\n\n\n\n<div class=\"wp-block-columns is-layout-flex wp-container-core-columns-is-layout-9d6595d7 wp-block-columns-is-layout-flex\">\n<div class=\"wp-block-column is-layout-flow wp-block-column-is-layout-flow\">\n<div class=\"wp-block-group\"><div class=\"wp-block-group__inner-container is-layout-flow wp-block-group-is-layout-flow\">\n<p><\/p>\n<\/div><\/div>\n<\/div>\n\n\n\n<div class=\"wp-block-column is-layout-flow wp-block-column-is-layout-flow\">\n<figure class=\"wp-block-image size-large\"><img loading=\"lazy\" decoding=\"async\" width=\"768\" height=\"1024\" src=\"https:\/\/sens-en-vie.ch\/wp-content\/uploads\/2022\/03\/Socrate-panneux-768x1024.jpg\" alt=\"\" class=\"wp-image-121\" srcset=\"https:\/\/sens-en-vie.ch\/wp-content\/uploads\/2022\/03\/Socrate-panneux-768x1024.jpg 768w, https:\/\/sens-en-vie.ch\/wp-content\/uploads\/2022\/03\/Socrate-panneux-225x300.jpg 225w, https:\/\/sens-en-vie.ch\/wp-content\/uploads\/2022\/03\/Socrate-panneux-1152x1536.jpg 1152w, https:\/\/sens-en-vie.ch\/wp-content\/uploads\/2022\/03\/Socrate-panneux-1536x2048.jpg 1536w, https:\/\/sens-en-vie.ch\/wp-content\/uploads\/2022\/03\/Socrate-panneux-1200x1600.jpg 1200w, https:\/\/sens-en-vie.ch\/wp-content\/uploads\/2022\/03\/Socrate-panneux-scaled.jpg 1920w\" sizes=\"auto, (max-width: 768px) 85vw, 768px\" \/><\/figure>\n<\/div>\n\n\n\n<div class=\"wp-block-column is-layout-flow wp-block-column-is-layout-flow\">\n<div class=\"wp-block-group\"><div class=\"wp-block-group__inner-container is-layout-flow wp-block-group-is-layout-flow\">\n<p><\/p>\n<\/div><\/div>\n<\/div>\n<\/div>\n\n\n\n<h3 class=\"has-text-align-center wp-block-heading\">Pour retrouver de la s\u00e9r\u00e9nit\u00e9, de l\u2019\u00e9nergie et de la motivation.&nbsp;<\/h3>\n\n\n\n<p><\/p>\n","protected":false},"excerpt":{"rendered":"<p>Sens en vie a pour but de proposer du Soutien th\u00e9rapeutique avec la m\u00e9diation de la nature, des chevaux et d&#8217;un chien ainsi que divers outils afin d\u2019accompagner petits et grands lors de phases de transition, de p\u00e9riodes difficiles, passag\u00e8res ou persistantes. Cette structure a pour philosophie de s\u2019appuyer sur les ressources de la personne &hellip; <a href=\"https:\/\/sens-en-vie.ch\/\" class=\"more-link\">Continue reading<span class=\"screen-reader-text\"> &#8220;Bienvenue chez Sens en Vie !&#8221;<\/span><\/a><\/p>\n","protected":false},"author":1,"featured_media":0,"parent":0,"menu_order":0,"comment_status":"closed","ping_status":"closed","template":"","meta":{"footnotes":""},"class_list":["post-38","page","type-page","status-publish","hentry"],"_links":{"self":[{"href":"https:\/\/sens-en-vie.ch\/index.php?rest_route=\/wp\/v2\/pages\/38","targetHints":{"allow":["GET"]}}],"collection":[{"href":"https:\/\/sens-en-vie.ch\/index.php?rest_route=\/wp\/v2\/pages"}],"about":[{"href":"https:\/\/sens-en-vie.ch\/index.php?rest_route=\/wp\/v2\/types\/page"}],"author":[{"embeddable":true,"href":"https:\/\/sens-en-vie.ch\/index.php?rest_route=\/wp\/v2\/users\/1"}],"replies":[{"embeddable":true,"href":"https:\/\/sens-en-vie.ch\/index.php?rest_route=%2Fwp%2Fv2%2Fcomments&post=38"}],"version-history":[{"count":42,"href":"https:\/\/sens-en-vie.ch\/index.php?rest_route=\/wp\/v2\/pages\/38\/revisions"}],"predecessor-version":[{"id":454,"href":"https:\/\/sens-en-vie.ch\/index.php?rest_route=\/wp\/v2\/pages\/38\/revisions\/454"}],"wp:attachment":[{"href":"https:\/\/sens-en-vie.ch\/index.php?rest_route=%2Fwp%2Fv2%2Fmedia&parent=38"}],"curies":[{"name":"wp","href":"https:\/\/api.w.org\/{rel}","templated":true}]}}